{"id":15,"date":"2012-06-14T16:00:35","date_gmt":"2012-06-14T16:00:35","guid":{"rendered":"http:\/\/folium.no\/?page_id=15"},"modified":"2021-04-29T17:24:03","modified_gmt":"2021-04-29T17:24:03","slug":"oversettelse","status":"publish","type":"page","link":"https:\/\/folium.no\/?page_id=15","title":{"rendered":"Behov for \u00e5 n\u00e5 ut til flere?"},"content":{"rendered":"<p><a href=\"https:\/\/folium.no\/wp-content\/uploads\/2021\/04\/TRADUCAO_noruegues_folium_forlag_homem.png\"><img loading=\"lazy\" decoding=\"async\" class=\"alignnone wp-image-421\" src=\"https:\/\/folium.no\/wp-content\/uploads\/2021\/04\/TRADUCAO_noruegues_folium_forlag_homem.png\" alt=\"\" width=\"500\" height=\"500\" srcset=\"https:\/\/folium.no\/wp-content\/uploads\/2021\/04\/TRADUCAO_noruegues_folium_forlag_homem.png 1080w, https:\/\/folium.no\/wp-content\/uploads\/2021\/04\/TRADUCAO_noruegues_folium_forlag_homem-300x300.png 300w, https:\/\/folium.no\/wp-content\/uploads\/2021\/04\/TRADUCAO_noruegues_folium_forlag_homem-1024x1024.png 1024w, https:\/\/folium.no\/wp-content\/uploads\/2021\/04\/TRADUCAO_noruegues_folium_forlag_homem-150x150.png 150w, https:\/\/folium.no\/wp-content\/uploads\/2021\/04\/TRADUCAO_noruegues_folium_forlag_homem-768x768.png 768w, https:\/\/folium.no\/wp-content\/uploads\/2021\/04\/TRADUCAO_noruegues_folium_forlag_homem-500x500.png 500w\" sizes=\"auto, (max-width: 500px) 100vw, 500px\" \/><\/a><br>Folium Forlag og Translat\u00f8rservice har siden 1998 erfaring innen oversettelser, og jobber for b\u00e5de offentlig og privat sektor. Vi har valgt \u00e5 fokusere p\u00e5 kostnadseffektive kvalitetsoversettelser fremfor leveringstid, og har spesialisert oss innen 8 spr\u00e5k:<br><strong>Portugisisk, norsk, svensk, dansk, engelsk, tysk, spansk og fransk.<\/strong><\/p>\n<ul>\n<li>H\u00f8y&nbsp;kvalitet<\/li>\n<li>Erfaring og kompetanse<\/li>\n<li>Morsm\u00e5lsoversettere<\/li>\n<li>Kostnadseffektivitet<\/li>\n<li>Pristilbud innen 24 timer<\/li>\n<\/ul>\n<h3>Hva oversetter vi?<\/h3>\n<ul>\n<li>Nettsider<\/li>\n<li>Brosjyrer\/kataloger<\/li>\n<li>Bruksanvisniger\/manualer<\/li>\n<li>Brev<\/li>\n<li>Pressemeldinger<\/li>\n<li>PowerPoint-presentasjoner<\/li>\n<\/ul>\n<h3>Hvordan blir det gjort?<\/h3>\n<p>Teksten blir analysert av din prosjektleder og pris blir utsendt. Etter at en avtale om leveringstid er inng\u00e5tt, setter v\u00e5r oversetter i gang. Alle v\u00e5re oversettere oversetter kun til morsm\u00e5let sitt. N\u00e5r oversettelsen er klar, blir den korrekturlest av en egen korrekturleser. Det endelige arbeidet blir s\u00e5 levert for godkjennelse av deg som kunde. Til slutt blir oversettelsen arkivert og fakturert.<br><a href=\"https:\/\/folium.no\/wp-content\/uploads\/2021\/04\/TRADUCAO_noruegues_ingles_alemao_folium_forlag_mulher.png\"><img loading=\"lazy\" decoding=\"async\" class=\"alignnone wp-image-450\" src=\"https:\/\/folium.no\/wp-content\/uploads\/2021\/04\/TRADUCAO_noruegues_ingles_alemao_folium_forlag_mulher.png\" alt=\"\" width=\"500\" height=\"500\" srcset=\"https:\/\/folium.no\/wp-content\/uploads\/2021\/04\/TRADUCAO_noruegues_ingles_alemao_folium_forlag_mulher.png 1080w, https:\/\/folium.no\/wp-content\/uploads\/2021\/04\/TRADUCAO_noruegues_ingles_alemao_folium_forlag_mulher-300x300.png 300w, https:\/\/folium.no\/wp-content\/uploads\/2021\/04\/TRADUCAO_noruegues_ingles_alemao_folium_forlag_mulher-1024x1024.png 1024w, https:\/\/folium.no\/wp-content\/uploads\/2021\/04\/TRADUCAO_noruegues_ingles_alemao_folium_forlag_mulher-150x150.png 150w, https:\/\/folium.no\/wp-content\/uploads\/2021\/04\/TRADUCAO_noruegues_ingles_alemao_folium_forlag_mulher-768x768.png 768w, https:\/\/folium.no\/wp-content\/uploads\/2021\/04\/TRADUCAO_noruegues_ingles_alemao_folium_forlag_mulher-500x500.png 500w\" sizes=\"auto, (max-width: 500px) 100vw, 500px\" \/><\/a><\/p>\n<p><\/p>\n\n\n<p><\/p>\n","protected":false},"excerpt":{"rendered":"<p>Folium [&hellip;]<\/p>\n","protected":false},"author":1,"featured_media":340,"parent":0,"menu_order":1,"comment_status":"closed","ping_status":"open","template":"","meta":{"footnotes":""},"class_list":["post-15","page","type-page","status-publish","has-post-thumbnail","hentry"],"yoast_head":"<!-- This site is optimized with the Yoast SEO plugin v21.8 - https:\/\/yoast.com\/wordpress\/plugins\/seo\/ -->\n<title>Behov for \u00e5 n\u00e5 ut til flere? - Folium forlag og translat\u00f8rservice<\/title>\n<meta name=\"robots\" content=\"index, follow, max-snippet:-1, max-image-preview:large, max-video-preview:-1\" \/>\n<link rel=\"canonical\" href=\"https:\/\/folium.no\/?page_id=15\" \/>\n<meta property=\"og:locale\" content=\"pt_PT\" \/>\n<meta property=\"og:type\" content=\"article\" \/>\n<meta property=\"og:title\" content=\"Behov for \u00e5 n\u00e5 ut til flere? - Folium forlag og translat\u00f8rservice\" \/>\n<meta property=\"og:description\" content=\"Folium [&hellip;]\" \/>\n<meta property=\"og:url\" content=\"https:\/\/folium.no\/?page_id=15\" \/>\n<meta property=\"og:site_name\" content=\"Folium forlag og translat\u00f8rservice\" \/>\n<meta property=\"article:modified_time\" content=\"2021-04-29T17:24:03+00:00\" \/>\n<meta property=\"og:image\" content=\"https:\/\/folium.no\/wp-content\/uploads\/2021\/04\/Folium-Forlag-Jose-Aurelio-scaled-e1619716818392.jpg\" \/>\n\t<meta property=\"og:image:width\" content=\"1920\" \/>\n\t<meta property=\"og:image:height\" content=\"1056\" \/>\n\t<meta property=\"og:image:type\" content=\"image\/jpeg\" \/>\n<meta name=\"twitter:card\" content=\"summary_large_image\" \/>\n<meta name=\"twitter:label1\" content=\"Tempo estimado de leitura\" \/>\n\t<meta name=\"twitter:data1\" content=\"1 minuto\" \/>\n<script type=\"application\/ld+json\" class=\"yoast-schema-graph\">{\"@context\":\"https:\/\/schema.org\",\"@graph\":[{\"@type\":\"WebPage\",\"@id\":\"https:\/\/folium.no\/?page_id=15\",\"url\":\"https:\/\/folium.no\/?page_id=15\",\"name\":\"Behov for \u00e5 n\u00e5 ut til flere? - Folium forlag og translat\u00f8rservice\",\"isPartOf\":{\"@id\":\"https:\/\/folium.no\/#website\"},\"datePublished\":\"2012-06-14T16:00:35+00:00\",\"dateModified\":\"2021-04-29T17:24:03+00:00\",\"breadcrumb\":{\"@id\":\"https:\/\/folium.no\/?page_id=15#breadcrumb\"},\"inLanguage\":\"pt-PT\",\"potentialAction\":[{\"@type\":\"ReadAction\",\"target\":[\"https:\/\/folium.no\/?page_id=15\"]}]},{\"@type\":\"BreadcrumbList\",\"@id\":\"https:\/\/folium.no\/?page_id=15#breadcrumb\",\"itemListElement\":[{\"@type\":\"ListItem\",\"position\":1,\"name\":\"In\u00edcio\",\"item\":\"https:\/\/folium.no\/\"},{\"@type\":\"ListItem\",\"position\":2,\"name\":\"Behov for \u00e5 n\u00e5 ut til flere?\"}]},{\"@type\":\"WebSite\",\"@id\":\"https:\/\/folium.no\/#website\",\"url\":\"https:\/\/folium.no\/\",\"name\":\"Folium forlag og translat\u00f8rservice\",\"description\":\"OVERSETTELSE, B\u00d8KER, KURS\",\"publisher\":{\"@id\":\"https:\/\/folium.no\/#organization\"},\"potentialAction\":[{\"@type\":\"SearchAction\",\"target\":{\"@type\":\"EntryPoint\",\"urlTemplate\":\"https:\/\/folium.no\/?s={search_term_string}\"},\"query-input\":\"required name=search_term_string\"}],\"inLanguage\":\"pt-PT\"},{\"@type\":\"Organization\",\"@id\":\"https:\/\/folium.no\/#organization\",\"name\":\"Folium forlag og translat\u00f8rservice\",\"url\":\"https:\/\/folium.no\/\",\"logo\":{\"@type\":\"ImageObject\",\"inLanguage\":\"pt-PT\",\"@id\":\"https:\/\/folium.no\/#\/schema\/logo\/image\/\",\"url\":\"https:\/\/folium.no\/wp-content\/uploads\/2021\/04\/logos-folium-redondo-com-texto-1.jpg\",\"contentUrl\":\"https:\/\/folium.no\/wp-content\/uploads\/2021\/04\/logos-folium-redondo-com-texto-1.jpg\",\"width\":1996,\"height\":764,\"caption\":\"Folium forlag og translat\u00f8rservice\"},\"image\":{\"@id\":\"https:\/\/folium.no\/#\/schema\/logo\/image\/\"}}]}<\/script>\n<!-- \/ Yoast SEO plugin. -->","yoast_head_json":{"title":"Behov for \u00e5 n\u00e5 ut til flere? - Folium forlag og translat\u00f8rservice","robots":{"index":"index","follow":"follow","max-snippet":"max-snippet:-1","max-image-preview":"max-image-preview:large","max-video-preview":"max-video-preview:-1"},"canonical":"https:\/\/folium.no\/?page_id=15","og_locale":"pt_PT","og_type":"article","og_title":"Behov for \u00e5 n\u00e5 ut til flere? - Folium forlag og translat\u00f8rservice","og_description":"Folium [&hellip;]","og_url":"https:\/\/folium.no\/?page_id=15","og_site_name":"Folium forlag og translat\u00f8rservice","article_modified_time":"2021-04-29T17:24:03+00:00","og_image":[{"width":1920,"height":1056,"url":"https:\/\/folium.no\/wp-content\/uploads\/2021\/04\/Folium-Forlag-Jose-Aurelio-scaled-e1619716818392.jpg","type":"image\/jpeg"}],"twitter_card":"summary_large_image","twitter_misc":{"Tempo estimado de leitura":"1 minuto"},"schema":{"@context":"https:\/\/schema.org","@graph":[{"@type":"WebPage","@id":"https:\/\/folium.no\/?page_id=15","url":"https:\/\/folium.no\/?page_id=15","name":"Behov for \u00e5 n\u00e5 ut til flere? - Folium forlag og translat\u00f8rservice","isPartOf":{"@id":"https:\/\/folium.no\/#website"},"datePublished":"2012-06-14T16:00:35+00:00","dateModified":"2021-04-29T17:24:03+00:00","breadcrumb":{"@id":"https:\/\/folium.no\/?page_id=15#breadcrumb"},"inLanguage":"pt-PT","potentialAction":[{"@type":"ReadAction","target":["https:\/\/folium.no\/?page_id=15"]}]},{"@type":"BreadcrumbList","@id":"https:\/\/folium.no\/?page_id=15#breadcrumb","itemListElement":[{"@type":"ListItem","position":1,"name":"In\u00edcio","item":"https:\/\/folium.no\/"},{"@type":"ListItem","position":2,"name":"Behov for \u00e5 n\u00e5 ut til flere?"}]},{"@type":"WebSite","@id":"https:\/\/folium.no\/#website","url":"https:\/\/folium.no\/","name":"Folium forlag og translat\u00f8rservice","description":"OVERSETTELSE, B\u00d8KER, KURS","publisher":{"@id":"https:\/\/folium.no\/#organization"},"potentialAction":[{"@type":"SearchAction","target":{"@type":"EntryPoint","urlTemplate":"https:\/\/folium.no\/?s={search_term_string}"},"query-input":"required name=search_term_string"}],"inLanguage":"pt-PT"},{"@type":"Organization","@id":"https:\/\/folium.no\/#organization","name":"Folium forlag og translat\u00f8rservice","url":"https:\/\/folium.no\/","logo":{"@type":"ImageObject","inLanguage":"pt-PT","@id":"https:\/\/folium.no\/#\/schema\/logo\/image\/","url":"https:\/\/folium.no\/wp-content\/uploads\/2021\/04\/logos-folium-redondo-com-texto-1.jpg","contentUrl":"https:\/\/folium.no\/wp-content\/uploads\/2021\/04\/logos-folium-redondo-com-texto-1.jpg","width":1996,"height":764,"caption":"Folium forlag og translat\u00f8rservice"},"image":{"@id":"https:\/\/folium.no\/#\/schema\/logo\/image\/"}}]}},"_links":{"self":[{"href":"https:\/\/folium.no\/index.php?rest_route=\/wp\/v2\/pages\/15","targetHints":{"allow":["GET"]}}],"collection":[{"href":"https:\/\/folium.no\/index.php?rest_route=\/wp\/v2\/pages"}],"about":[{"href":"https:\/\/folium.no\/index.php?rest_route=\/wp\/v2\/types\/page"}],"author":[{"embeddable":true,"href":"https:\/\/folium.no\/index.php?rest_route=\/wp\/v2\/users\/1"}],"replies":[{"embeddable":true,"href":"https:\/\/folium.no\/index.php?rest_route=%2Fwp%2Fv2%2Fcomments&post=15"}],"version-history":[{"count":46,"href":"https:\/\/folium.no\/index.php?rest_route=\/wp\/v2\/pages\/15\/revisions"}],"predecessor-version":[{"id":458,"href":"https:\/\/folium.no\/index.php?rest_route=\/wp\/v2\/pages\/15\/revisions\/458"}],"wp:featuredmedia":[{"embeddable":true,"href":"https:\/\/folium.no\/index.php?rest_route=\/wp\/v2\/media\/340"}],"wp:attachment":[{"href":"https:\/\/folium.no\/index.php?rest_route=%2Fwp%2Fv2%2Fmedia&parent=15"}],"curies":[{"name":"wp","href":"https:\/\/api.w.org\/{rel}","templated":true}]}}