{"id":190,"date":"2012-10-27T22:57:39","date_gmt":"2012-10-27T22:57:39","guid":{"rendered":"http:\/\/folium.no\/?page_id=190"},"modified":"2021-04-29T16:55:28","modified_gmt":"2021-04-29T16:55:28","slug":"radgivning","status":"publish","type":"page","link":"https:\/\/folium.no\/?page_id=190","title":{"rendered":"R\u00e5dgivning"},"content":{"rendered":"<p><strong>Folium &#8211; r\u00e5dgivning, oversettelse og norskkurs &#8211; avdeling i Portugal<\/strong><\/p>\n<p>&nbsp;<\/p>\n<p>Vi tilbyr konsulenttjenester innen utvelgelse og rekruttering av spesialiserte arbeidstakere for arbeid i norske selskaper.<\/p>\n<p>Selskapet ble stiftet i 1998, med hovedkontor i Norge (Org nr. 880157922 MVA) og avdelinger i Porto og Lisboa ( Org. nr. 980320640).<\/p>\n<p>Hovedvirksomheten er konsulenttjenester innen HR, oversetting og norsk spr\u00e5kundervisning.<br \/>\nV\u00e5re konsultenter som kan hjelpe deres selskap med \u00e5 velge ut de beste kandidatene, og v\u00e5rt omfattende kandidatnettverk inkluderer kvalifiserte helsearbeidere, ingeni\u00f8rer, bygg og anleggsarbeidere m.fl.<\/p>\n<p>Kandidatene gjennomg\u00e5r norskoppl\u00e6ring i regi av Folium.<br \/>\nVi s\u00f8rger for alt det praktiske og vi presenterer deg for et antall kandidater, basert p\u00e5 din virksomhets behov.&nbsp;Vi identifiserer og&nbsp;vurderer&nbsp;de beste ledere og spesialister\u2013 medarbeidere som har de n\u00f8dvendige kvalifikasjoner og motivasjon til \u00e5 jobbe i Norge.<br \/>\nKontakt oss gjerne for ytterlige informasjon:&nbsp;<a href=\"mailto:post@folium.no\">post@folium.no<\/a><\/p>\n","protected":false},"excerpt":{"rendered":"<p>Folium [&hellip;]<\/p>\n","protected":false},"author":1,"featured_media":445,"parent":0,"menu_order":0,"comment_status":"closed","ping_status":"open","template":"","meta":{"footnotes":""},"class_list":["post-190","page","type-page","status-publish","has-post-thumbnail","hentry"],"yoast_head":"<!-- This site is optimized with the Yoast SEO plugin v21.8 - https:\/\/yoast.com\/wordpress\/plugins\/seo\/ -->\n<title>R\u00e5dgivning - Folium forlag og translat\u00f8rservice<\/title>\n<meta name=\"robots\" content=\"index, follow, max-snippet:-1, max-image-preview:large, max-video-preview:-1\" \/>\n<link rel=\"canonical\" href=\"https:\/\/folium.no\/?page_id=190\" \/>\n<meta property=\"og:locale\" content=\"pt_PT\" \/>\n<meta property=\"og:type\" content=\"article\" \/>\n<meta property=\"og:title\" content=\"R\u00e5dgivning - Folium forlag og translat\u00f8rservice\" \/>\n<meta property=\"og:description\" content=\"Folium [&hellip;]\" \/>\n<meta property=\"og:url\" content=\"https:\/\/folium.no\/?page_id=190\" \/>\n<meta property=\"og:site_name\" content=\"Folium forlag og translat\u00f8rservice\" \/>\n<meta property=\"article:modified_time\" content=\"2021-04-29T16:55:28+00:00\" \/>\n<meta property=\"og:image\" content=\"https:\/\/folium.no\/wp-content\/uploads\/2021\/04\/8.jpg\" \/>\n\t<meta property=\"og:image:width\" content=\"1193\" \/>\n\t<meta property=\"og:image:height\" content=\"686\" \/>\n\t<meta property=\"og:image:type\" content=\"image\/jpeg\" \/>\n<meta name=\"twitter:card\" content=\"summary_large_image\" \/>\n<meta name=\"twitter:label1\" content=\"Tempo estimado de leitura\" \/>\n\t<meta name=\"twitter:data1\" content=\"1 minuto\" \/>\n<script type=\"application\/ld+json\" class=\"yoast-schema-graph\">{\"@context\":\"https:\/\/schema.org\",\"@graph\":[{\"@type\":\"WebPage\",\"@id\":\"https:\/\/folium.no\/?page_id=190\",\"url\":\"https:\/\/folium.no\/?page_id=190\",\"name\":\"R\u00e5dgivning - Folium forlag og translat\u00f8rservice\",\"isPartOf\":{\"@id\":\"https:\/\/folium.no\/#website\"},\"datePublished\":\"2012-10-27T22:57:39+00:00\",\"dateModified\":\"2021-04-29T16:55:28+00:00\",\"breadcrumb\":{\"@id\":\"https:\/\/folium.no\/?page_id=190#breadcrumb\"},\"inLanguage\":\"pt-PT\",\"potentialAction\":[{\"@type\":\"ReadAction\",\"target\":[\"https:\/\/folium.no\/?page_id=190\"]}]},{\"@type\":\"BreadcrumbList\",\"@id\":\"https:\/\/folium.no\/?page_id=190#breadcrumb\",\"itemListElement\":[{\"@type\":\"ListItem\",\"position\":1,\"name\":\"In\u00edcio\",\"item\":\"https:\/\/folium.no\/\"},{\"@type\":\"ListItem\",\"position\":2,\"name\":\"R\u00e5dgivning\"}]},{\"@type\":\"WebSite\",\"@id\":\"https:\/\/folium.no\/#website\",\"url\":\"https:\/\/folium.no\/\",\"name\":\"Folium forlag og translat\u00f8rservice\",\"description\":\"OVERSETTELSE, B\u00d8KER, KURS\",\"publisher\":{\"@id\":\"https:\/\/folium.no\/#organization\"},\"potentialAction\":[{\"@type\":\"SearchAction\",\"target\":{\"@type\":\"EntryPoint\",\"urlTemplate\":\"https:\/\/folium.no\/?s={search_term_string}\"},\"query-input\":\"required name=search_term_string\"}],\"inLanguage\":\"pt-PT\"},{\"@type\":\"Organization\",\"@id\":\"https:\/\/folium.no\/#organization\",\"name\":\"Folium forlag og translat\u00f8rservice\",\"url\":\"https:\/\/folium.no\/\",\"logo\":{\"@type\":\"ImageObject\",\"inLanguage\":\"pt-PT\",\"@id\":\"https:\/\/folium.no\/#\/schema\/logo\/image\/\",\"url\":\"https:\/\/folium.no\/wp-content\/uploads\/2021\/04\/logos-folium-redondo-com-texto-1.jpg\",\"contentUrl\":\"https:\/\/folium.no\/wp-content\/uploads\/2021\/04\/logos-folium-redondo-com-texto-1.jpg\",\"width\":1996,\"height\":764,\"caption\":\"Folium forlag og translat\u00f8rservice\"},\"image\":{\"@id\":\"https:\/\/folium.no\/#\/schema\/logo\/image\/\"}}]}<\/script>\n<!-- \/ Yoast SEO plugin. -->","yoast_head_json":{"title":"R\u00e5dgivning - Folium forlag og translat\u00f8rservice","robots":{"index":"index","follow":"follow","max-snippet":"max-snippet:-1","max-image-preview":"max-image-preview:large","max-video-preview":"max-video-preview:-1"},"canonical":"https:\/\/folium.no\/?page_id=190","og_locale":"pt_PT","og_type":"article","og_title":"R\u00e5dgivning - Folium forlag og translat\u00f8rservice","og_description":"Folium [&hellip;]","og_url":"https:\/\/folium.no\/?page_id=190","og_site_name":"Folium forlag og translat\u00f8rservice","article_modified_time":"2021-04-29T16:55:28+00:00","og_image":[{"width":1193,"height":686,"url":"https:\/\/folium.no\/wp-content\/uploads\/2021\/04\/8.jpg","type":"image\/jpeg"}],"twitter_card":"summary_large_image","twitter_misc":{"Tempo estimado de leitura":"1 minuto"},"schema":{"@context":"https:\/\/schema.org","@graph":[{"@type":"WebPage","@id":"https:\/\/folium.no\/?page_id=190","url":"https:\/\/folium.no\/?page_id=190","name":"R\u00e5dgivning - Folium forlag og translat\u00f8rservice","isPartOf":{"@id":"https:\/\/folium.no\/#website"},"datePublished":"2012-10-27T22:57:39+00:00","dateModified":"2021-04-29T16:55:28+00:00","breadcrumb":{"@id":"https:\/\/folium.no\/?page_id=190#breadcrumb"},"inLanguage":"pt-PT","potentialAction":[{"@type":"ReadAction","target":["https:\/\/folium.no\/?page_id=190"]}]},{"@type":"BreadcrumbList","@id":"https:\/\/folium.no\/?page_id=190#breadcrumb","itemListElement":[{"@type":"ListItem","position":1,"name":"In\u00edcio","item":"https:\/\/folium.no\/"},{"@type":"ListItem","position":2,"name":"R\u00e5dgivning"}]},{"@type":"WebSite","@id":"https:\/\/folium.no\/#website","url":"https:\/\/folium.no\/","name":"Folium forlag og translat\u00f8rservice","description":"OVERSETTELSE, B\u00d8KER, KURS","publisher":{"@id":"https:\/\/folium.no\/#organization"},"potentialAction":[{"@type":"SearchAction","target":{"@type":"EntryPoint","urlTemplate":"https:\/\/folium.no\/?s={search_term_string}"},"query-input":"required name=search_term_string"}],"inLanguage":"pt-PT"},{"@type":"Organization","@id":"https:\/\/folium.no\/#organization","name":"Folium forlag og translat\u00f8rservice","url":"https:\/\/folium.no\/","logo":{"@type":"ImageObject","inLanguage":"pt-PT","@id":"https:\/\/folium.no\/#\/schema\/logo\/image\/","url":"https:\/\/folium.no\/wp-content\/uploads\/2021\/04\/logos-folium-redondo-com-texto-1.jpg","contentUrl":"https:\/\/folium.no\/wp-content\/uploads\/2021\/04\/logos-folium-redondo-com-texto-1.jpg","width":1996,"height":764,"caption":"Folium forlag og translat\u00f8rservice"},"image":{"@id":"https:\/\/folium.no\/#\/schema\/logo\/image\/"}}]}},"_links":{"self":[{"href":"https:\/\/folium.no\/index.php?rest_route=\/wp\/v2\/pages\/190","targetHints":{"allow":["GET"]}}],"collection":[{"href":"https:\/\/folium.no\/index.php?rest_route=\/wp\/v2\/pages"}],"about":[{"href":"https:\/\/folium.no\/index.php?rest_route=\/wp\/v2\/types\/page"}],"author":[{"embeddable":true,"href":"https:\/\/folium.no\/index.php?rest_route=\/wp\/v2\/users\/1"}],"replies":[{"embeddable":true,"href":"https:\/\/folium.no\/index.php?rest_route=%2Fwp%2Fv2%2Fcomments&post=190"}],"version-history":[{"count":5,"href":"https:\/\/folium.no\/index.php?rest_route=\/wp\/v2\/pages\/190\/revisions"}],"predecessor-version":[{"id":446,"href":"https:\/\/folium.no\/index.php?rest_route=\/wp\/v2\/pages\/190\/revisions\/446"}],"wp:featuredmedia":[{"embeddable":true,"href":"https:\/\/folium.no\/index.php?rest_route=\/wp\/v2\/media\/445"}],"wp:attachment":[{"href":"https:\/\/folium.no\/index.php?rest_route=%2Fwp%2Fv2%2Fmedia&parent=190"}],"curies":[{"name":"wp","href":"https:\/\/api.w.org\/{rel}","templated":true}]}}