{"id":25,"date":"2012-06-14T16:02:19","date_gmt":"2012-06-14T16:02:19","guid":{"rendered":"http:\/\/folium.no\/?page_id=25"},"modified":"2021-04-29T15:36:01","modified_gmt":"2021-04-29T15:36:01","slug":"boker","status":"publish","type":"page","link":"https:\/\/folium.no\/?page_id=25","title":{"rendered":"B\u00f8ker"},"content":{"rendered":"<p><img loading=\"lazy\" decoding=\"async\" class=\"wp-image-342 alignnone\" src=\"https:\/\/folium.no\/wp-content\/uploads\/2021\/04\/SNV80758-scaled.jpg\" alt=\"\" width=\"500\" height=\"375\" srcset=\"https:\/\/folium.no\/wp-content\/uploads\/2021\/04\/SNV80758-scaled.jpg 2560w, https:\/\/folium.no\/wp-content\/uploads\/2021\/04\/SNV80758-300x225.jpg 300w, https:\/\/folium.no\/wp-content\/uploads\/2021\/04\/SNV80758-1024x768.jpg 1024w, https:\/\/folium.no\/wp-content\/uploads\/2021\/04\/SNV80758-768x576.jpg 768w, https:\/\/folium.no\/wp-content\/uploads\/2021\/04\/SNV80758-1536x1152.jpg 1536w, https:\/\/folium.no\/wp-content\/uploads\/2021\/04\/SNV80758-2048x1536.jpg 2048w, https:\/\/folium.no\/wp-content\/uploads\/2021\/04\/SNV80758-600x450.jpg 600w\" sizes=\"auto, (max-width: 500px) 100vw, 500px\" \/><\/p>\n<p>Folium Forlag jobber med litter\u00e6re prosjekter, og har spesialisert seg innen leksikografi og grammatikk.<\/p>\n<p>Folium Forlag utga den f\u00f8rste Portugisisk-Norsk Stor ordbok, Jos\u00e9 Aur\u00e9lio Rodrigues, ISBN: 978-82-7995-003-6<\/p>\n<p>Vi var ogs\u00e5 f\u00f8rst ute p\u00e5 markedet med Portugisisk-Norsk \/ Norsk-Portugisisk Praktisk ordbok, Jos\u00e9 Aur\u00e9lio Rodrigues, ISBN: 978-82-7995-010-3<\/p>\n<p>I tillegg har vi utgitt en Portugisisk-Norsk \/ Norsk-Portugisisk lommeordbok, Jos\u00e9 Aur\u00e9lio Rodrigues, ISBN: 978-82-7995-008-7<\/p>\n<p>Alle disse verkene er resultatet av langvarig og n\u00f8yaktig etterforskningsarbeid som inkluderer portugisisk for Portugal, Brasil og PALOP.<\/p>\n<p>Folium Forlag har ogs\u00e5 satset p\u00e5 oversettelse og utgivelse av klassiske portugisiske forfattere, som for eksempel Camilo Castelo Branco, E\u00e7a de Queiroz og M\u00e1rio de S\u00e1 Carneiro.<br \/>\nDu kan bestille b\u00f8ker fra oss ved \u00e5 fylle ut bestillingsskjemaet for b\u00f8ker.<\/p>\n<p>For sin innovasjon og sitt engasjement har Folium Forlag f\u00e5tt st\u00f8tte av:<br \/>\n&#8211; Instituto Cam\u00f5es (Minist\u00e9rio dos Neg\u00f3cios Estrangeiros), leksikografi,<br \/>\n&#8211; Instituto Portugu\u00eas do Livro e das Bibliotecas (Minist\u00e9rio da Educa\u00e7\u00e3o), oversettelse av portugisiske klassikere,<br \/>\n&#8211; Det faglitter\u00e6re fond, leksikografi og grammatikk.<\/p>\n","protected":false},"excerpt":{"rendered":"<p>Folium [&hellip;]<\/p>\n","protected":false},"author":1,"featured_media":391,"parent":0,"menu_order":3,"comment_status":"closed","ping_status":"closed","template":"","meta":{"footnotes":""},"class_list":["post-25","page","type-page","status-publish","has-post-thumbnail","hentry"],"yoast_head":"<!-- This site is optimized with the Yoast SEO plugin v21.8 - https:\/\/yoast.com\/wordpress\/plugins\/seo\/ -->\n<title>B\u00f8ker - Folium forlag og translat\u00f8rservice<\/title>\n<meta name=\"robots\" content=\"index, follow, max-snippet:-1, max-image-preview:large, max-video-preview:-1\" \/>\n<link rel=\"canonical\" href=\"https:\/\/folium.no\/?page_id=25\" \/>\n<meta property=\"og:locale\" content=\"pt_PT\" \/>\n<meta property=\"og:type\" content=\"article\" \/>\n<meta property=\"og:title\" content=\"B\u00f8ker - Folium forlag og translat\u00f8rservice\" \/>\n<meta property=\"og:description\" content=\"Folium [&hellip;]\" \/>\n<meta property=\"og:url\" content=\"https:\/\/folium.no\/?page_id=25\" \/>\n<meta property=\"og:site_name\" content=\"Folium forlag og translat\u00f8rservice\" \/>\n<meta property=\"article:modified_time\" content=\"2021-04-29T15:36:01+00:00\" \/>\n<meta property=\"og:image\" content=\"https:\/\/folium.no\/wp-content\/uploads\/2021\/04\/cropped-SNV80731-scaled-1.jpg\" \/>\n\t<meta property=\"og:image:width\" content=\"1920\" \/>\n\t<meta property=\"og:image:height\" content=\"1104\" \/>\n\t<meta property=\"og:image:type\" content=\"image\/jpeg\" \/>\n<meta name=\"twitter:card\" content=\"summary_large_image\" \/>\n<meta name=\"twitter:label1\" content=\"Tempo estimado de leitura\" \/>\n\t<meta name=\"twitter:data1\" content=\"1 minuto\" \/>\n<script type=\"application\/ld+json\" class=\"yoast-schema-graph\">{\"@context\":\"https:\/\/schema.org\",\"@graph\":[{\"@type\":\"WebPage\",\"@id\":\"https:\/\/folium.no\/?page_id=25\",\"url\":\"https:\/\/folium.no\/?page_id=25\",\"name\":\"B\u00f8ker - Folium forlag og translat\u00f8rservice\",\"isPartOf\":{\"@id\":\"https:\/\/folium.no\/#website\"},\"datePublished\":\"2012-06-14T16:02:19+00:00\",\"dateModified\":\"2021-04-29T15:36:01+00:00\",\"breadcrumb\":{\"@id\":\"https:\/\/folium.no\/?page_id=25#breadcrumb\"},\"inLanguage\":\"pt-PT\",\"potentialAction\":[{\"@type\":\"ReadAction\",\"target\":[\"https:\/\/folium.no\/?page_id=25\"]}]},{\"@type\":\"BreadcrumbList\",\"@id\":\"https:\/\/folium.no\/?page_id=25#breadcrumb\",\"itemListElement\":[{\"@type\":\"ListItem\",\"position\":1,\"name\":\"In\u00edcio\",\"item\":\"https:\/\/folium.no\/\"},{\"@type\":\"ListItem\",\"position\":2,\"name\":\"B\u00f8ker\"}]},{\"@type\":\"WebSite\",\"@id\":\"https:\/\/folium.no\/#website\",\"url\":\"https:\/\/folium.no\/\",\"name\":\"Folium forlag og translat\u00f8rservice\",\"description\":\"OVERSETTELSE, B\u00d8KER, KURS\",\"publisher\":{\"@id\":\"https:\/\/folium.no\/#organization\"},\"potentialAction\":[{\"@type\":\"SearchAction\",\"target\":{\"@type\":\"EntryPoint\",\"urlTemplate\":\"https:\/\/folium.no\/?s={search_term_string}\"},\"query-input\":\"required name=search_term_string\"}],\"inLanguage\":\"pt-PT\"},{\"@type\":\"Organization\",\"@id\":\"https:\/\/folium.no\/#organization\",\"name\":\"Folium forlag og translat\u00f8rservice\",\"url\":\"https:\/\/folium.no\/\",\"logo\":{\"@type\":\"ImageObject\",\"inLanguage\":\"pt-PT\",\"@id\":\"https:\/\/folium.no\/#\/schema\/logo\/image\/\",\"url\":\"https:\/\/folium.no\/wp-content\/uploads\/2021\/04\/logos-folium-redondo-com-texto-1.jpg\",\"contentUrl\":\"https:\/\/folium.no\/wp-content\/uploads\/2021\/04\/logos-folium-redondo-com-texto-1.jpg\",\"width\":1996,\"height\":764,\"caption\":\"Folium forlag og translat\u00f8rservice\"},\"image\":{\"@id\":\"https:\/\/folium.no\/#\/schema\/logo\/image\/\"}}]}<\/script>\n<!-- \/ Yoast SEO plugin. -->","yoast_head_json":{"title":"B\u00f8ker - Folium forlag og translat\u00f8rservice","robots":{"index":"index","follow":"follow","max-snippet":"max-snippet:-1","max-image-preview":"max-image-preview:large","max-video-preview":"max-video-preview:-1"},"canonical":"https:\/\/folium.no\/?page_id=25","og_locale":"pt_PT","og_type":"article","og_title":"B\u00f8ker - Folium forlag og translat\u00f8rservice","og_description":"Folium [&hellip;]","og_url":"https:\/\/folium.no\/?page_id=25","og_site_name":"Folium forlag og translat\u00f8rservice","article_modified_time":"2021-04-29T15:36:01+00:00","og_image":[{"width":1920,"height":1104,"url":"https:\/\/folium.no\/wp-content\/uploads\/2021\/04\/cropped-SNV80731-scaled-1.jpg","type":"image\/jpeg"}],"twitter_card":"summary_large_image","twitter_misc":{"Tempo estimado de leitura":"1 minuto"},"schema":{"@context":"https:\/\/schema.org","@graph":[{"@type":"WebPage","@id":"https:\/\/folium.no\/?page_id=25","url":"https:\/\/folium.no\/?page_id=25","name":"B\u00f8ker - Folium forlag og translat\u00f8rservice","isPartOf":{"@id":"https:\/\/folium.no\/#website"},"datePublished":"2012-06-14T16:02:19+00:00","dateModified":"2021-04-29T15:36:01+00:00","breadcrumb":{"@id":"https:\/\/folium.no\/?page_id=25#breadcrumb"},"inLanguage":"pt-PT","potentialAction":[{"@type":"ReadAction","target":["https:\/\/folium.no\/?page_id=25"]}]},{"@type":"BreadcrumbList","@id":"https:\/\/folium.no\/?page_id=25#breadcrumb","itemListElement":[{"@type":"ListItem","position":1,"name":"In\u00edcio","item":"https:\/\/folium.no\/"},{"@type":"ListItem","position":2,"name":"B\u00f8ker"}]},{"@type":"WebSite","@id":"https:\/\/folium.no\/#website","url":"https:\/\/folium.no\/","name":"Folium forlag og translat\u00f8rservice","description":"OVERSETTELSE, B\u00d8KER, KURS","publisher":{"@id":"https:\/\/folium.no\/#organization"},"potentialAction":[{"@type":"SearchAction","target":{"@type":"EntryPoint","urlTemplate":"https:\/\/folium.no\/?s={search_term_string}"},"query-input":"required name=search_term_string"}],"inLanguage":"pt-PT"},{"@type":"Organization","@id":"https:\/\/folium.no\/#organization","name":"Folium forlag og translat\u00f8rservice","url":"https:\/\/folium.no\/","logo":{"@type":"ImageObject","inLanguage":"pt-PT","@id":"https:\/\/folium.no\/#\/schema\/logo\/image\/","url":"https:\/\/folium.no\/wp-content\/uploads\/2021\/04\/logos-folium-redondo-com-texto-1.jpg","contentUrl":"https:\/\/folium.no\/wp-content\/uploads\/2021\/04\/logos-folium-redondo-com-texto-1.jpg","width":1996,"height":764,"caption":"Folium forlag og translat\u00f8rservice"},"image":{"@id":"https:\/\/folium.no\/#\/schema\/logo\/image\/"}}]}},"_links":{"self":[{"href":"https:\/\/folium.no\/index.php?rest_route=\/wp\/v2\/pages\/25","targetHints":{"allow":["GET"]}}],"collection":[{"href":"https:\/\/folium.no\/index.php?rest_route=\/wp\/v2\/pages"}],"about":[{"href":"https:\/\/folium.no\/index.php?rest_route=\/wp\/v2\/types\/page"}],"author":[{"embeddable":true,"href":"https:\/\/folium.no\/index.php?rest_route=\/wp\/v2\/users\/1"}],"replies":[{"embeddable":true,"href":"https:\/\/folium.no\/index.php?rest_route=%2Fwp%2Fv2%2Fcomments&post=25"}],"version-history":[{"count":14,"href":"https:\/\/folium.no\/index.php?rest_route=\/wp\/v2\/pages\/25\/revisions"}],"predecessor-version":[{"id":431,"href":"https:\/\/folium.no\/index.php?rest_route=\/wp\/v2\/pages\/25\/revisions\/431"}],"wp:featuredmedia":[{"embeddable":true,"href":"https:\/\/folium.no\/index.php?rest_route=\/wp\/v2\/media\/391"}],"wp:attachment":[{"href":"https:\/\/folium.no\/index.php?rest_route=%2Fwp%2Fv2%2Fmedia&parent=25"}],"curies":[{"name":"wp","href":"https:\/\/api.w.org\/{rel}","templated":true}]}}