{"id":38,"date":"2012-06-14T16:59:01","date_gmt":"2012-06-14T16:59:01","guid":{"rendered":"http:\/\/folium.no\/?page_id=38"},"modified":"2021-04-29T15:00:55","modified_gmt":"2021-04-29T15:00:55","slug":"kunder","status":"publish","type":"page","link":"https:\/\/folium.no\/?page_id=38","title":{"rendered":"Noen av kundene som stoler p\u00e5 oss"},"content":{"rendered":"<p style=\"text-align: left;\">Foliums kundeportef\u00f8lje best\u00e5r av offentlige enheter som departementer og domstoler, samt sm\u00e5 og store, internasjonale bedrifter. Her er noen av v\u00e5re norske kunder:<br \/>\n<img loading=\"lazy\" decoding=\"async\" class=\"wp-image-5992\" src=\"http:\/\/folium.pt\/wp-content\/uploads\/utenriksdepartement-2-1.jpg\" alt=\"\" width=\"182\" height=\"68\" \/><br \/>\nMinist\u00e9rio dos Neg\u00f3cios Estrangeiros da Noruega (Utenriksdepartementet)<\/p>\n<hr \/>\n<p style=\"text-align: left;\"><img loading=\"lazy\" decoding=\"async\" class=\"wp-image-5993\" src=\"http:\/\/folium.pt\/wp-content\/uploads\/Kulturdepartementet-2.jpg\" alt=\"\" width=\"184\" height=\"75\" \/><br \/>\nMinist\u00e9rio da Cultura da Noruega (Kulturdepartementet)<\/p>\n<hr \/>\n<p style=\"text-align: left;\"><img loading=\"lazy\" decoding=\"async\" class=\"size-full wp-image-5958 alignnone\" src=\"http:\/\/folium.pt\/wp-content\/uploads\/Kultur-og-idrettsetaten.png\" alt=\"\" width=\"137\" height=\"42\" \/><br \/>\nSecretaria de Estado da Cultura e do Desporto de Oslo (Kultur- og idrettsetaten)<\/p>\n<hr \/>\n<p style=\"text-align: left;\"><img loading=\"lazy\" decoding=\"async\" class=\"size-full wp-image-5988 alignnone\" src=\"http:\/\/folium.pt\/wp-content\/uploads\/RP.jpg\" alt=\"\" width=\"80\" height=\"59\" \/><br \/>\nMinist\u00e9rio dos Neg\u00f3cios Estrangeiros de Portugal<\/p>\n<hr \/>\n<p style=\"text-align: left;\"><img loading=\"lazy\" decoding=\"async\" class=\"size-full wp-image-5988 alignnone\" src=\"http:\/\/folium.pt\/wp-content\/uploads\/RP.jpg\" alt=\"\" width=\"80\" height=\"59\" \/><br \/>\nMinist\u00e9rio da Justi\u00e7a &#8211; Diversos Tribunais<\/p>\n<hr \/>\n<p style=\"text-align: left;\"><img loading=\"lazy\" decoding=\"async\" class=\"size-full wp-image-5988 alignnone\" src=\"http:\/\/folium.pt\/wp-content\/uploads\/RP.jpg\" alt=\"\" width=\"80\" height=\"59\" \/><br \/>\nDIAP &#8211; Departamento de Investiga\u00e7\u00e3o e A\u00e7\u00e3o Pena<\/p>\n<hr \/>\n<p style=\"text-align: left;\"><img loading=\"lazy\" decoding=\"async\" class=\"wp-image-5984 alignnone\" src=\"http:\/\/folium.pt\/wp-content\/uploads\/oslo-komunne.png\" alt=\"\" width=\"180\" height=\"75\" \/><br \/>\nDepartamento de Educa\u00e7\u00e3o de Oslo (Utdanningsetaten)<\/p>\n<hr \/>\n<p style=\"text-align: left;\"><img loading=\"lazy\" decoding=\"async\" class=\"size-full wp-image-5959 alignnone\" src=\"http:\/\/folium.pt\/wp-content\/uploads\/aker-yards.jpg\" alt=\"\" width=\"116\" height=\"54\" \/><br \/>\nAker Yards &#8211; Noruega<\/p>\n<hr \/>\n<p style=\"text-align: left;\"><img loading=\"lazy\" decoding=\"async\" class=\"wp-image-5962 alignnone\" src=\"http:\/\/folium.pt\/wp-content\/uploads\/BAHR.jpg\" alt=\"\" width=\"150\" height=\"55\" \/><br \/>\nBA-HR na Noruega &#8211; Bugge, Arentz-Hansen &amp; Rasmussen<\/p>\n<hr \/>\n<p style=\"text-align: left;\"><img loading=\"lazy\" decoding=\"async\" class=\"wp-image-5989 alignnone\" src=\"http:\/\/folium.pt\/wp-content\/uploads\/snoog.jpg\" alt=\"\" width=\"129\" height=\"41\" \/><br \/>\nSn\u00f8gg &#8211; Noruega<\/p>\n<hr \/>\n<p style=\"text-align: left;\"><img loading=\"lazy\" decoding=\"async\" class=\"size-full wp-image-5991 alignnone\" src=\"http:\/\/folium.pt\/wp-content\/uploads\/strom.jpg\" alt=\"\" width=\"163\" height=\"41\" \/><br \/>\nStr\u00f8m Gundersen &#8211; Noruega<\/p>\n<hr \/>\n<p style=\"text-align: left;\"><img loading=\"lazy\" decoding=\"async\" class=\"size-full wp-image-5968 alignnone\" src=\"http:\/\/folium.pt\/wp-content\/uploads\/dintur.jpg\" alt=\"\" width=\"101\" height=\"89\" \/><br \/>\nDin Tur &#8211; Noruega<\/p>\n<hr \/>\n<p style=\"text-align: left;\"><img loading=\"lazy\" decoding=\"async\" class=\"size-full wp-image-5975 alignnone\" src=\"http:\/\/folium.pt\/wp-content\/uploads\/jotun.jpg\" alt=\"\" width=\"133\" height=\"42\" \/><br \/>\nJotun &#8211; Noruega<\/p>\n<hr \/>\n<p style=\"text-align: left;\"><img loading=\"lazy\" decoding=\"async\" class=\"size-full wp-image-5976 alignnone\" src=\"http:\/\/folium.pt\/wp-content\/uploads\/kellox.jpg\" alt=\"\" width=\"153\" height=\"50\" \/><br \/>\nKellox &#8211; Noruega<\/p>\n<hr \/>\n<p style=\"text-align: left;\"><img loading=\"lazy\" decoding=\"async\" class=\"wp-image-5986 alignnone\" src=\"http:\/\/folium.pt\/wp-content\/uploads\/petromarker.jpg\" alt=\"\" width=\"120\" height=\"75\" \/><br \/>\nPetromarker &#8211; Noruega<\/p>\n<hr \/>\n<p style=\"text-align: left;\"><img loading=\"lazy\" decoding=\"async\" class=\"wp-image-5972 alignnone\" src=\"http:\/\/folium.pt\/wp-content\/uploads\/hogskolen-oslo.jpg\" alt=\"\" width=\"215\" height=\"50\" \/><br \/>\nEscola Superior de Oslo (H\u00f8gskolen i Oslo)<\/p>\n<hr \/>\n<p style=\"text-align: left;\"><img loading=\"lazy\" decoding=\"async\" class=\"wp-image-5961 alignnone\" src=\"http:\/\/folium.pt\/wp-content\/uploads\/auto-sueco.jpg\" alt=\"\" width=\"203\" height=\"56\" \/><br \/>\nAuto Sueco &#8211; Portugal<\/p>\n<hr \/>\n<p style=\"text-align: left;\"><img loading=\"lazy\" decoding=\"async\" class=\"wp-image-5974 alignnone\" src=\"http:\/\/folium.pt\/wp-content\/uploads\/INCM.jpg\" alt=\"\" width=\"46\" height=\"63\" \/><br \/>\nImprensa Nacional &#8211; casa da Moeda<\/p>\n<hr \/>\n<p style=\"text-align: left;\"><img loading=\"lazy\" decoding=\"async\" class=\"wp-image-5990 alignnone\" src=\"http:\/\/folium.pt\/wp-content\/uploads\/sonae.jpg\" alt=\"\" width=\"168\" height=\"33\" \/><br \/>\nGrupo SONAE- Portugal<\/p>\n<hr \/>\n<p style=\"text-align: left;\"><img loading=\"lazy\" decoding=\"async\" class=\"wp-image-5966 alignnone\" src=\"http:\/\/folium.pt\/wp-content\/uploads\/continente-2.jpg\" alt=\"\" width=\"141\" height=\"74\" \/><br \/>\nHipermercados Continente<\/p>\n<hr \/>\n<p style=\"text-align: left;\"><img loading=\"lazy\" decoding=\"async\" class=\"size-full wp-image-5971 alignnone\" src=\"http:\/\/folium.pt\/wp-content\/uploads\/H-Santo-Ant\u00f3nio.jpg\" alt=\"\" width=\"141\" height=\"75\" \/><br \/>\nCentro Hospitalar do Porto<\/p>\n<hr \/>\n<p style=\"text-align: left;\"><img loading=\"lazy\" decoding=\"async\" class=\"wp-image-5964 alignnone\" src=\"http:\/\/folium.pt\/wp-content\/uploads\/C\u00e2mara-do-Porto.jpg\" alt=\"\" width=\"74\" height=\"74\" \/><br \/>\nC\u00e2mara Municipal do Porto<\/p>\n<hr \/>\n<p style=\"text-align: left;\"><img loading=\"lazy\" decoding=\"async\" class=\"wp-image-5987 alignnone\" src=\"http:\/\/folium.pt\/wp-content\/uploads\/porto-vivo.jpg\" alt=\"\" width=\"124\" height=\"65\" \/><br \/>\nPorto Vivo &#8211; Sociedade de Reabilita\u00e7\u00e3o Urbana<\/p>\n<hr \/>\n<p style=\"text-align: left;\"><img loading=\"lazy\" decoding=\"async\" class=\"size-full wp-image-5963 alignnone\" src=\"http:\/\/folium.pt\/wp-content\/uploads\/C\u00e2mara-do-Montijo.jpg\" alt=\"\" width=\"92\" height=\"90\" \/><br \/>\nC\u00e2mara Municipal do Montijo<\/p>\n<hr \/>\n<p style=\"text-align: left;\"><img loading=\"lazy\" decoding=\"async\" class=\"wp-image-5985 alignnone\" src=\"http:\/\/folium.pt\/wp-content\/uploads\/petrobras.jpg\" alt=\"\" width=\"118\" height=\"74\" \/><br \/>\nPetrobras &#8211; Brasil<\/p>\n<hr \/>\n<p style=\"text-align: left;\"><img loading=\"lazy\" decoding=\"async\" class=\"wp-image-5970 alignnone\" src=\"http:\/\/folium.pt\/wp-content\/uploads\/FCP.jpg\" alt=\"\" width=\"62\" height=\"76\" \/><br \/>\nFutebol Clube do Porto<\/p>\n<hr \/>\n<p style=\"text-align: left;\"><img loading=\"lazy\" decoding=\"async\" class=\"wp-image-5960 alignnone\" src=\"http:\/\/folium.pt\/wp-content\/uploads\/allianz.jpg\" alt=\"\" width=\"162\" height=\"43\" \/><br \/>\nAllianz &#8211; Portugal<\/p>\n<hr \/>\n<p style=\"text-align: left;\"><img loading=\"lazy\" decoding=\"async\" class=\"wp-image-5969 alignnone\" src=\"http:\/\/folium.pt\/wp-content\/uploads\/efacec.jpg\" alt=\"\" width=\"147\" height=\"57\" \/><br \/>\nEfacec &#8211; Lisboa, Portugal<\/p>\n<hr \/>\n<p style=\"text-align: left;\"><strong>Outros clientes:<br \/>\n<\/strong>Embaixadas e Consulados<br \/>\nDiversos escrit\u00f3rios de advogados<br \/>\nV\u00e1rias firmas de tradu\u00e7\u00e3o<br \/>\nClientes particulares, etc.<\/p>\n<hr \/>\n<p style=\"text-align: left;\"><strong>Patroc\u00ednios:<br \/>\nPela sua inova\u00e7\u00e3o e empenho, a Folium Forlag obteve o patroc\u00ednio:<\/strong><\/p>\n<p style=\"text-align: left;\"><strong>&#8211; do Fundo para a Literatura Especializada na Noruega (Det faglitter\u00e6re fond) na \u00e1rea da lexicografia e gram\u00e1tica<br \/>\n<img loading=\"lazy\" decoding=\"async\" class=\"wp-image-5981 alignnone\" src=\"http:\/\/folium.pt\/wp-content\/uploads\/NFFO.jpg\" alt=\"\" width=\"154\" height=\"49\" \/><br \/>\nNorsk\u00a0faglitter\u00e6r forfatter- og oversetterforening<\/strong><\/p>\n<hr \/>\n<p style=\"text-align: left;\"><strong>&#8211; do Instituto Cam\u00f5es (Minist\u00e9rio dos Neg\u00f3cios Estrangeiros) na \u00e1rea da lexicografia<br \/>\n<img loading=\"lazy\" decoding=\"async\" class=\"wp-image-2773 alignnone\" src=\"http:\/\/folium.pt\/wp-content\/uploads\/Imstituto-Cam\u00f5es-logo.jpg\" alt=\"\" width=\"123\" height=\"50\" \/><br \/>\nInstituto Cam\u00f5es, Portugal<\/strong><\/p>\n<hr \/>\n<p style=\"text-align: left;\"><strong>&#8211; do Instituto Portugu\u00eas do Livro e das Bibliotecas (Minist\u00e9rio da Educa\u00e7\u00e3o) na tradu\u00e7\u00e3o de cl\u00e1ssicos portugueses<br \/>\n<img loading=\"lazy\" decoding=\"async\" class=\"wp-image-2774 alignnone\" src=\"http:\/\/folium.pt\/wp-content\/uploads\/dire\u00e7\u00e3o-geral-do-livro-e-das-bibliotecas-2.jpg\" alt=\"\" width=\"80\" height=\"80\" \/><br \/>\nDire\u00e7\u00e3o-Geral do Livro e das Biblioteca<em>s, <\/em>Portugal<\/strong><\/p>\n<hr \/>\n<p style=\"text-align: left;\"><strong>&#8211; do Minist\u00e9rio da Cultura na tradu\u00e7\u00e3o de cl\u00e1ssicos portugueses<br \/>\n<img loading=\"lazy\" decoding=\"async\" class=\"wp-image-2775 alignnone\" src=\"http:\/\/folium.pt\/wp-content\/uploads\/minist\u00e9rio-da-cultura-logo.jpg\" alt=\"\" width=\"115\" height=\"85\" \/><br \/>\nMinist\u00e9rio da Cultura, Portugal<\/strong><\/p>\n","protected":false},"excerpt":{"rendered":"<p>Foliums [&hellip;]<\/p>\n","protected":false},"author":1,"featured_media":413,"parent":0,"menu_order":2,"comment_status":"closed","ping_status":"closed","template":"","meta":{"footnotes":""},"class_list":["post-38","page","type-page","status-publish","has-post-thumbnail","hentry"],"yoast_head":"<!-- This site is optimized with the Yoast SEO plugin v21.8 - https:\/\/yoast.com\/wordpress\/plugins\/seo\/ -->\n<title>Noen av kundene som stoler p\u00e5 oss - Folium forlag og translat\u00f8rservice<\/title>\n<meta name=\"robots\" content=\"index, follow, max-snippet:-1, max-image-preview:large, max-video-preview:-1\" \/>\n<link rel=\"canonical\" href=\"https:\/\/folium.no\/?page_id=38\" \/>\n<meta property=\"og:locale\" content=\"pt_PT\" \/>\n<meta property=\"og:type\" content=\"article\" \/>\n<meta property=\"og:title\" content=\"Noen av kundene som stoler p\u00e5 oss - Folium forlag og translat\u00f8rservice\" \/>\n<meta property=\"og:description\" content=\"Foliums [&hellip;]\" \/>\n<meta property=\"og:url\" content=\"https:\/\/folium.no\/?page_id=38\" \/>\n<meta property=\"og:site_name\" content=\"Folium forlag og translat\u00f8rservice\" \/>\n<meta property=\"article:modified_time\" content=\"2021-04-29T15:00:55+00:00\" \/>\n<meta property=\"og:image\" content=\"https:\/\/folium.no\/wp-content\/uploads\/2021\/04\/reuniao.jpg\" \/>\n\t<meta property=\"og:image:width\" content=\"1177\" \/>\n\t<meta property=\"og:image:height\" content=\"581\" \/>\n\t<meta property=\"og:image:type\" content=\"image\/jpeg\" \/>\n<meta name=\"twitter:card\" content=\"summary_large_image\" \/>\n<meta name=\"twitter:label1\" content=\"Tempo estimado de leitura\" \/>\n\t<meta name=\"twitter:data1\" content=\"2 minutos\" \/>\n<script type=\"application\/ld+json\" class=\"yoast-schema-graph\">{\"@context\":\"https:\/\/schema.org\",\"@graph\":[{\"@type\":\"WebPage\",\"@id\":\"https:\/\/folium.no\/?page_id=38\",\"url\":\"https:\/\/folium.no\/?page_id=38\",\"name\":\"Noen av kundene som stoler p\u00e5 oss - Folium forlag og translat\u00f8rservice\",\"isPartOf\":{\"@id\":\"https:\/\/folium.no\/#website\"},\"datePublished\":\"2012-06-14T16:59:01+00:00\",\"dateModified\":\"2021-04-29T15:00:55+00:00\",\"breadcrumb\":{\"@id\":\"https:\/\/folium.no\/?page_id=38#breadcrumb\"},\"inLanguage\":\"pt-PT\",\"potentialAction\":[{\"@type\":\"ReadAction\",\"target\":[\"https:\/\/folium.no\/?page_id=38\"]}]},{\"@type\":\"BreadcrumbList\",\"@id\":\"https:\/\/folium.no\/?page_id=38#breadcrumb\",\"itemListElement\":[{\"@type\":\"ListItem\",\"position\":1,\"name\":\"In\u00edcio\",\"item\":\"https:\/\/folium.no\/\"},{\"@type\":\"ListItem\",\"position\":2,\"name\":\"Noen av kundene som stoler p\u00e5 oss\"}]},{\"@type\":\"WebSite\",\"@id\":\"https:\/\/folium.no\/#website\",\"url\":\"https:\/\/folium.no\/\",\"name\":\"Folium forlag og translat\u00f8rservice\",\"description\":\"OVERSETTELSE, B\u00d8KER, KURS\",\"publisher\":{\"@id\":\"https:\/\/folium.no\/#organization\"},\"potentialAction\":[{\"@type\":\"SearchAction\",\"target\":{\"@type\":\"EntryPoint\",\"urlTemplate\":\"https:\/\/folium.no\/?s={search_term_string}\"},\"query-input\":\"required name=search_term_string\"}],\"inLanguage\":\"pt-PT\"},{\"@type\":\"Organization\",\"@id\":\"https:\/\/folium.no\/#organization\",\"name\":\"Folium forlag og translat\u00f8rservice\",\"url\":\"https:\/\/folium.no\/\",\"logo\":{\"@type\":\"ImageObject\",\"inLanguage\":\"pt-PT\",\"@id\":\"https:\/\/folium.no\/#\/schema\/logo\/image\/\",\"url\":\"https:\/\/folium.no\/wp-content\/uploads\/2021\/04\/logos-folium-redondo-com-texto-1.jpg\",\"contentUrl\":\"https:\/\/folium.no\/wp-content\/uploads\/2021\/04\/logos-folium-redondo-com-texto-1.jpg\",\"width\":1996,\"height\":764,\"caption\":\"Folium forlag og translat\u00f8rservice\"},\"image\":{\"@id\":\"https:\/\/folium.no\/#\/schema\/logo\/image\/\"}}]}<\/script>\n<!-- \/ Yoast SEO plugin. -->","yoast_head_json":{"title":"Noen av kundene som stoler p\u00e5 oss - Folium forlag og translat\u00f8rservice","robots":{"index":"index","follow":"follow","max-snippet":"max-snippet:-1","max-image-preview":"max-image-preview:large","max-video-preview":"max-video-preview:-1"},"canonical":"https:\/\/folium.no\/?page_id=38","og_locale":"pt_PT","og_type":"article","og_title":"Noen av kundene som stoler p\u00e5 oss - Folium forlag og translat\u00f8rservice","og_description":"Foliums [&hellip;]","og_url":"https:\/\/folium.no\/?page_id=38","og_site_name":"Folium forlag og translat\u00f8rservice","article_modified_time":"2021-04-29T15:00:55+00:00","og_image":[{"width":1177,"height":581,"url":"https:\/\/folium.no\/wp-content\/uploads\/2021\/04\/reuniao.jpg","type":"image\/jpeg"}],"twitter_card":"summary_large_image","twitter_misc":{"Tempo estimado de leitura":"2 minutos"},"schema":{"@context":"https:\/\/schema.org","@graph":[{"@type":"WebPage","@id":"https:\/\/folium.no\/?page_id=38","url":"https:\/\/folium.no\/?page_id=38","name":"Noen av kundene som stoler p\u00e5 oss - Folium forlag og translat\u00f8rservice","isPartOf":{"@id":"https:\/\/folium.no\/#website"},"datePublished":"2012-06-14T16:59:01+00:00","dateModified":"2021-04-29T15:00:55+00:00","breadcrumb":{"@id":"https:\/\/folium.no\/?page_id=38#breadcrumb"},"inLanguage":"pt-PT","potentialAction":[{"@type":"ReadAction","target":["https:\/\/folium.no\/?page_id=38"]}]},{"@type":"BreadcrumbList","@id":"https:\/\/folium.no\/?page_id=38#breadcrumb","itemListElement":[{"@type":"ListItem","position":1,"name":"In\u00edcio","item":"https:\/\/folium.no\/"},{"@type":"ListItem","position":2,"name":"Noen av kundene som stoler p\u00e5 oss"}]},{"@type":"WebSite","@id":"https:\/\/folium.no\/#website","url":"https:\/\/folium.no\/","name":"Folium forlag og translat\u00f8rservice","description":"OVERSETTELSE, B\u00d8KER, KURS","publisher":{"@id":"https:\/\/folium.no\/#organization"},"potentialAction":[{"@type":"SearchAction","target":{"@type":"EntryPoint","urlTemplate":"https:\/\/folium.no\/?s={search_term_string}"},"query-input":"required name=search_term_string"}],"inLanguage":"pt-PT"},{"@type":"Organization","@id":"https:\/\/folium.no\/#organization","name":"Folium forlag og translat\u00f8rservice","url":"https:\/\/folium.no\/","logo":{"@type":"ImageObject","inLanguage":"pt-PT","@id":"https:\/\/folium.no\/#\/schema\/logo\/image\/","url":"https:\/\/folium.no\/wp-content\/uploads\/2021\/04\/logos-folium-redondo-com-texto-1.jpg","contentUrl":"https:\/\/folium.no\/wp-content\/uploads\/2021\/04\/logos-folium-redondo-com-texto-1.jpg","width":1996,"height":764,"caption":"Folium forlag og translat\u00f8rservice"},"image":{"@id":"https:\/\/folium.no\/#\/schema\/logo\/image\/"}}]}},"_links":{"self":[{"href":"https:\/\/folium.no\/index.php?rest_route=\/wp\/v2\/pages\/38","targetHints":{"allow":["GET"]}}],"collection":[{"href":"https:\/\/folium.no\/index.php?rest_route=\/wp\/v2\/pages"}],"about":[{"href":"https:\/\/folium.no\/index.php?rest_route=\/wp\/v2\/types\/page"}],"author":[{"embeddable":true,"href":"https:\/\/folium.no\/index.php?rest_route=\/wp\/v2\/users\/1"}],"replies":[{"embeddable":true,"href":"https:\/\/folium.no\/index.php?rest_route=%2Fwp%2Fv2%2Fcomments&post=38"}],"version-history":[{"count":21,"href":"https:\/\/folium.no\/index.php?rest_route=\/wp\/v2\/pages\/38\/revisions"}],"predecessor-version":[{"id":418,"href":"https:\/\/folium.no\/index.php?rest_route=\/wp\/v2\/pages\/38\/revisions\/418"}],"wp:featuredmedia":[{"embeddable":true,"href":"https:\/\/folium.no\/index.php?rest_route=\/wp\/v2\/media\/413"}],"wp:attachment":[{"href":"https:\/\/folium.no\/index.php?rest_route=%2Fwp%2Fv2%2Fmedia&parent=38"}],"curies":[{"name":"wp","href":"https:\/\/api.w.org\/{rel}","templated":true}]}}